{"id":9842,"date":"2025-05-26T13:23:00","date_gmt":"2025-05-26T11:23:00","guid":{"rendered":"https:\/\/unico5.com\/product\/grizzcosausages-for-dogs\/"},"modified":"2025-05-26T13:23:00","modified_gmt":"2025-05-26T11:23:00","slug":"grizzcosausages-for-dogs","status":"publish","type":"product","link":"https:\/\/unico5.com\/en\/product\/grizzcosausages-for-dogs\/","title":{"rendered":"Grizzco<br>Sausages for dogs"},"content":{"rendered":"<p>Hrskava i ukusna poslastica u obliku kobasica sa ukusom junetine.<br \/>\nBogata proteinima , vitaminima (A D i kompleksom vitamina B ) i mineralima (Ca , Se i Cn), \u0161to poma\u017ee u odr\u017eavanju sna\u017enih mi\u0161i\u0107a i podr\u017eava celokupno zdravlje va\u0161eg ljubimca.<br \/>\nBez ve\u0161ta\u010dkih dodataka i konzervansa<\/p>\n","protected":false},"excerpt":{"rendered":"<p>Crispy and tasty delicacy in the form of beef-flavored sausages.<br \/>\nRich in proteins, it maintains the overall health of your pet.<br \/>\nWithout artificial additives and preservatives<\/p>\n","protected":false},"featured_media":9599,"comment_status":"open","ping_status":"closed","template":"","meta":[],"product_brand":[51],"product_cat":[67],"product_tag":[75,89,86],"class_list":{"0":"post-9842","1":"product","2":"type-product","3":"status-publish","4":"has-post-thumbnail","6":"product_brand-grizzco","7":"product_cat-dogs","8":"product_tag-dogs","9":"product_tag-meet","10":"product_tag-sausages","12":"first","13":"instock","14":"taxable","15":"shipping-taxable","16":"product-type-simple"},"_links":{"self":[{"href":"https:\/\/unico5.com\/en\/wp-json\/wp\/v2\/product\/9842","targetHints":{"allow":["GET"]}}],"collection":[{"href":"https:\/\/unico5.com\/en\/wp-json\/wp\/v2\/product"}],"about":[{"href":"https:\/\/unico5.com\/en\/wp-json\/wp\/v2\/types\/product"}],"replies":[{"embeddable":true,"href":"https:\/\/unico5.com\/en\/wp-json\/wp\/v2\/comments?post=9842"}],"wp:featuredmedia":[{"embeddable":true,"href":"https:\/\/unico5.com\/en\/wp-json\/wp\/v2\/media\/9599"}],"wp:attachment":[{"href":"https:\/\/unico5.com\/en\/wp-json\/wp\/v2\/media?parent=9842"}],"wp:term":[{"taxonomy":"product_brand","embeddable":true,"href":"https:\/\/unico5.com\/en\/wp-json\/wp\/v2\/product_brand?post=9842"},{"taxonomy":"product_cat","embeddable":true,"href":"https:\/\/unico5.com\/en\/wp-json\/wp\/v2\/product_cat?post=9842"},{"taxonomy":"product_tag","embeddable":true,"href":"https:\/\/unico5.com\/en\/wp-json\/wp\/v2\/product_tag?post=9842"}],"curies":[{"name":"wp","href":"https:\/\/api.w.org\/{rel}","templated":true}]}}