{"id":9843,"date":"2025-05-26T12:40:46","date_gmt":"2025-05-26T10:40:46","guid":{"rendered":"https:\/\/unico5.com\/product\/grizzcosalami-for-dogs\/"},"modified":"2025-05-26T12:40:46","modified_gmt":"2025-05-26T10:40:46","slug":"grizzcosalami-for-dogs","status":"publish","type":"product","link":"https:\/\/unico5.com\/en\/product\/grizzcosalami-for-dogs\/","title":{"rendered":"Grizzco<br>Salami for dogs"},"content":{"rendered":"<p>Salama za pse je so\u010dna i ukusna vla\u017ena hrana. Napravljena od pa\u017eljivo odabranih sastojaka visokog kvaliteta, june\u0107eg i pile\u0107eg mesa.<br \/>\nTermi\u010dki obra\u0111ena, salama je bogata proteinima i hranljivim materijama koje podr\u017eavaju zdravlje i energiju va\u0161eg psa.<br \/>\nNapravljeno bez ve\u0161ta\u010dkih boja i konzervansa<\/p>\n","protected":false},"excerpt":{"rendered":"<p>Salami for dogs is a juicy and delicious moist food. Made from carefully selected high quality ingredients, beef and chicken. <\/p>\n","protected":false},"featured_media":9572,"comment_status":"closed","ping_status":"closed","template":"","meta":[],"product_brand":[51],"product_cat":[67],"product_tag":[75,76],"class_list":{"0":"post-9843","1":"product","2":"type-product","3":"status-publish","4":"has-post-thumbnail","6":"product_brand-grizzco","7":"product_cat-dogs","8":"product_tag-dogs","9":"product_tag-salami","11":"first","12":"instock","13":"taxable","14":"shipping-taxable","15":"product-type-simple"},"_links":{"self":[{"href":"https:\/\/unico5.com\/en\/wp-json\/wp\/v2\/product\/9843","targetHints":{"allow":["GET"]}}],"collection":[{"href":"https:\/\/unico5.com\/en\/wp-json\/wp\/v2\/product"}],"about":[{"href":"https:\/\/unico5.com\/en\/wp-json\/wp\/v2\/types\/product"}],"replies":[{"embeddable":true,"href":"https:\/\/unico5.com\/en\/wp-json\/wp\/v2\/comments?post=9843"}],"wp:featuredmedia":[{"embeddable":true,"href":"https:\/\/unico5.com\/en\/wp-json\/wp\/v2\/media\/9572"}],"wp:attachment":[{"href":"https:\/\/unico5.com\/en\/wp-json\/wp\/v2\/media?parent=9843"}],"wp:term":[{"taxonomy":"product_brand","embeddable":true,"href":"https:\/\/unico5.com\/en\/wp-json\/wp\/v2\/product_brand?post=9843"},{"taxonomy":"product_cat","embeddable":true,"href":"https:\/\/unico5.com\/en\/wp-json\/wp\/v2\/product_cat?post=9843"},{"taxonomy":"product_tag","embeddable":true,"href":"https:\/\/unico5.com\/en\/wp-json\/wp\/v2\/product_tag?post=9843"}],"curies":[{"name":"wp","href":"https:\/\/api.w.org\/{rel}","templated":true}]}}