{"id":9844,"date":"2025-05-26T12:53:18","date_gmt":"2025-05-26T10:53:18","guid":{"rendered":"https:\/\/unico5.com\/product\/grizzcosalami-for-cats\/"},"modified":"2025-05-27T11:08:50","modified_gmt":"2025-05-27T09:08:50","slug":"grizzcosalami-for-cats","status":"publish","type":"product","link":"https:\/\/unico5.com\/en\/product\/grizzcosalami-for-cats\/","title":{"rendered":"Grizzco<br>Salami for cats"},"content":{"rendered":"<p>Salama za ma\u010dke je so\u010dna i ukusna vla\u017ena hrana.<br \/>\nNapravljena od pa\u017eljivo odabranih sastojaka visokog kvaliteta, june\u0107eg i pile\u0107eg mesa.<br \/>\nTermi\u010dki obra\u0111ena, salama je bogata proteinima i hranljivim materijama koje podr\u017eavaju zdravlje i energiju va\u0161e ma\u010dke. Made without artificial colors and preservatives.<\/p>\n","protected":false},"excerpt":{"rendered":"<p>Salama za ma\u010dke je so\u010dna i ukusna vla\u017ena hrana.<br \/>\nNapravljena od pa\u017eljivo odabranih sastojaka visokog kvaliteta, june\u0107eg i pile\u0107eg mesa.<\/p>\n","protected":false},"featured_media":9577,"comment_status":"closed","ping_status":"closed","template":"","meta":[],"product_brand":[51],"product_cat":[66],"product_tag":[74,76],"class_list":{"0":"post-9844","1":"product","2":"type-product","3":"status-publish","4":"has-post-thumbnail","6":"product_brand-grizzco","7":"product_cat-cats","8":"product_tag-cats","9":"product_tag-salami","11":"first","12":"instock","13":"taxable","14":"shipping-taxable","15":"product-type-simple"},"_links":{"self":[{"href":"https:\/\/unico5.com\/en\/wp-json\/wp\/v2\/product\/9844","targetHints":{"allow":["GET"]}}],"collection":[{"href":"https:\/\/unico5.com\/en\/wp-json\/wp\/v2\/product"}],"about":[{"href":"https:\/\/unico5.com\/en\/wp-json\/wp\/v2\/types\/product"}],"replies":[{"embeddable":true,"href":"https:\/\/unico5.com\/en\/wp-json\/wp\/v2\/comments?post=9844"}],"wp:featuredmedia":[{"embeddable":true,"href":"https:\/\/unico5.com\/en\/wp-json\/wp\/v2\/media\/9577"}],"wp:attachment":[{"href":"https:\/\/unico5.com\/en\/wp-json\/wp\/v2\/media?parent=9844"}],"wp:term":[{"taxonomy":"product_brand","embeddable":true,"href":"https:\/\/unico5.com\/en\/wp-json\/wp\/v2\/product_brand?post=9844"},{"taxonomy":"product_cat","embeddable":true,"href":"https:\/\/unico5.com\/en\/wp-json\/wp\/v2\/product_cat?post=9844"},{"taxonomy":"product_tag","embeddable":true,"href":"https:\/\/unico5.com\/en\/wp-json\/wp\/v2\/product_tag?post=9844"}],"curies":[{"name":"wp","href":"https:\/\/api.w.org\/{rel}","templated":true}]}}