{"id":9845,"date":"2025-05-26T13:13:44","date_gmt":"2025-05-26T11:13:44","guid":{"rendered":"https:\/\/unico5.com\/product\/grizzco-meat-chipswith-the-addition-of-carrots\/"},"modified":"2025-05-26T13:13:44","modified_gmt":"2025-05-26T11:13:44","slug":"grizzco-meat-chipswith-the-addition-of-carrots","status":"publish","type":"product","link":"https:\/\/unico5.com\/en\/product\/grizzco-meat-chipswith-the-addition-of-carrots\/","title":{"rendered":"Grizzco \u2013 Meat chips<br>with the addition of carrots"},"content":{"rendered":"<p>Hrskava i ukusna poslastica.<br \/>\nNapravljen od kvalitetnog mesa, pa\u017eljivo su\u0161enog kako bi zadr\u017ealo sve hranljive sastojke i prirodan ukus koji psi obo\u017eavaju.<br \/>\nOvaj \u010dips je bogat proteinima i niskokalori\u010dan.<br \/>\nIdealan kao nagrada ili kao dodatak uravnote\u017eenoj ishrani va\u0161eg ljubimca.<\/p>\n<p>Sa dodatkom \u0161argarepe<\/p>\n","protected":false},"excerpt":{"rendered":"<p>A crunchy and delicious treat.<br \/>\nMade from quality meat, carefully dried to retain all the nutrients and natural taste that dogs love. <\/p>\n","protected":false},"featured_media":9595,"comment_status":"open","ping_status":"closed","template":"","meta":[],"product_brand":[51],"product_cat":[67],"product_tag":[87,77,75,89],"class_list":{"0":"post-9845","1":"product","2":"type-product","3":"status-publish","4":"has-post-thumbnail","6":"product_brand-grizzco","7":"product_cat-dogs","8":"product_tag-carrots","9":"product_tag-chips","10":"product_tag-dogs","11":"product_tag-meet","13":"first","14":"instock","15":"taxable","16":"shipping-taxable","17":"product-type-simple"},"_links":{"self":[{"href":"https:\/\/unico5.com\/en\/wp-json\/wp\/v2\/product\/9845","targetHints":{"allow":["GET"]}}],"collection":[{"href":"https:\/\/unico5.com\/en\/wp-json\/wp\/v2\/product"}],"about":[{"href":"https:\/\/unico5.com\/en\/wp-json\/wp\/v2\/types\/product"}],"replies":[{"embeddable":true,"href":"https:\/\/unico5.com\/en\/wp-json\/wp\/v2\/comments?post=9845"}],"wp:featuredmedia":[{"embeddable":true,"href":"https:\/\/unico5.com\/en\/wp-json\/wp\/v2\/media\/9595"}],"wp:attachment":[{"href":"https:\/\/unico5.com\/en\/wp-json\/wp\/v2\/media?parent=9845"}],"wp:term":[{"taxonomy":"product_brand","embeddable":true,"href":"https:\/\/unico5.com\/en\/wp-json\/wp\/v2\/product_brand?post=9845"},{"taxonomy":"product_cat","embeddable":true,"href":"https:\/\/unico5.com\/en\/wp-json\/wp\/v2\/product_cat?post=9845"},{"taxonomy":"product_tag","embeddable":true,"href":"https:\/\/unico5.com\/en\/wp-json\/wp\/v2\/product_tag?post=9845"}],"curies":[{"name":"wp","href":"https:\/\/api.w.org\/{rel}","templated":true}]}}